{"id":4990,"date":"2022-01-07T06:14:13","date_gmt":"2022-01-07T06:14:13","guid":{"rendered":"http:\/\/prowinto.wwwmi3-ss64.a2hosted.com\/?post_type=product&#038;p=4990"},"modified":"2022-01-24T03:44:52","modified_gmt":"2022-01-24T03:44:52","slug":"sg-530-airbrush-adjustable","status":"publish","type":"product","link":"http:\/\/www.prowin-tools.com\/de\/produkt\/airbrush\/sg-530-airbrush-adjustable\/","title":{"rendered":"SG-530 Airbrush \/Einstellbar"},"content":{"rendered":"<ol>\n<li>Forged alloy aluminum body with anodized color.<\/li>\n<li>Brass cup with chrome-plated .<\/li>\n<li>Elegant streamline in ergonomics design.<\/li>\n<li>Stainless Nozzle with 2.9mm hexagonal head for strength.<\/li>\n<li>Stainless Needle.<\/li>\n<li>Arch switch lever for operating sensitively.<\/li>\n<li>End O-ring for warning of maximum adjustment.<\/li>\n<\/ol>\n<p><img decoding=\"async\" src=\"https:\/\/www.prowin-tools.com\/files\/SG-530A.png\" \/><\/p>\n<h3><strong> <span class=\"style2\">\u2611<\/span> Spezifikation<\/strong><\/h3>\n<table border=\"0\" cellpadding=\"5\" cellspacing=\"2\" class=\"xl756500\" id=\"tabs-nav\">\n<tr>\n<th width=\"152\" align=\"right\" nowrap bgcolor=\"#EFEFEF\">\n<div align=\"left\">Farbe-Feed-Typ<\/div>\n<\/th>\n<td width=\"527\" bgcolor=\"#F7F7F7\" style=\"\">Schwere<\/td>\n<\/tr>\n<tr>\n<th align=\"right\" nowrap bgcolor=\"#F7F7F7\">\n<div align=\"left\">D\u00fcsengr\u00f6\u00dfe<\/div>\n<\/th>\n<td>\u00d8 0,3 mm (Verf\u00fcgbar: 0,2, 0,5 mm)<\/td>\n<\/tr>\n<tr>\n<th align=\"right\" nowrap bgcolor=\"#EFEFEF\">\n<div align=\"left\">Cup Capacity<\/div>\n<\/th>\n<td bgcolor=\"#F7F7F7\">2 c.c. , 7 c.c. , 15 c.c. (Optional)<\/td>\n<\/tr>\n<tr>\n<th align=\"right\" nowrap bgcolor=\"#F7F7F7\">\n<div align=\"left\">Farbbecher<\/div>\n<\/th>\n<td>Obermaterial, abnehmbar<\/td>\n<\/tr>\n<tr>\n<th align=\"right\" nowrap bgcolor=\"#EFEFEF\">\n<div align=\"left\">Steuerschalter<\/div>\n<\/th>\n<td bgcolor=\"#F7F7F7\">Push-Button<\/td>\n<\/tr>\n<tr>\n<th align=\"right\" nowrap bgcolor=\"#F7F7F7\">\n<div align=\"left\">Lufteinlass<\/div>\n<\/th>\n<td>1\/8\u2033 (Schlauch)<\/td>\n<\/tr>\n<tr>\n<th align=\"right\" nowrap bgcolor=\"#EFEFEF\">\n<div align=\"left\">Betriebsdruck<\/div>\n<\/th>\n<td bgcolor=\"#F7F7F7\">1,0\u20133,5 bar (14\u201350 psi)<\/td>\n<\/tr>\n<tr>\n<th align=\"right\" nowrap bgcolor=\"#F7F7F7\">\n<div align=\"left\">Gesamtl\u00e4nge<\/div>\n<\/th>\n<td>155 mm<\/td>\n<\/tr>\n<\/table>","protected":false},"excerpt":{"rendered":"<p class=\"txt_box\">Air Brush wird haupts\u00e4chlich f\u00fcr Kunst, Make-up, Kosmetik, Hobby, Handwerk, Automobil, Kuchendekoration, Tattoo-Zeichnungen, Fingern\u00e4gel usw. verwendet.<br \/>\nD\u00fcse und Nadel der Luftb\u00fcrste von Prowin Tools Company sind pr\u00e4zise aus Edelstahl gefertigt, um hervorragende Leistungen und eine lange Lebensdauer zu gew\u00e4hrleisten.<br \/>\nBitte z\u00f6gern Sie nicht, uns zu kontaktieren, wenn Sie nach einer Spritzpistole mit einzigartigem und stilvollem Design suchen.<\/p>","protected":false},"featured_media":4994,"template":"","meta":{"qubely_global_settings":"","qubely_interactions":"","_uag_custom_page_level_css":"","site-sidebar-layout":"default","site-content-layout":"default","ast-global-header-display":"","ast-main-header-display":"","ast-hfb-above-header-display":"","ast-hfb-below-header-display":"","ast-hfb-mobile-header-display":"","site-post-title":"","ast-breadcrumbs-content":"","ast-featured-img":"","footer-sml-layout":"","theme-transparent-header-meta":"default","adv-header-id-meta":"","stick-header-meta":"default","header-above-stick-meta":"","header-main-stick-meta":"","header-below-stick-meta":"","_themeisle_gutenberg_block_has_review":false},"product_brand":[],"product_cat":[42,82],"product_tag":[],"class_list":{"0":"post-4990","1":"product","2":"type-product","3":"status-publish","4":"has-post-thumbnail","6":"product_cat-airbrush","7":"product_cat-air-brush","8":"desktop-align-center","9":"tablet-align-center","10":"mobile-align-center","12":"","13":"instock","14":"featured","15":"shipping-taxable","16":"purchasable","17":"product-type-simple"},"uagb_featured_image_src":{"full":["http:\/\/www.prowin-tools.com\/wp-content\/uploads\/2022\/01\/SG-53014-1000x1000.jpg",1000,1000,false],"thumbnail":["http:\/\/www.prowin-tools.com\/wp-content\/uploads\/2022\/01\/SG-53014-150x150.jpg",150,150,true],"medium":["http:\/\/www.prowin-tools.com\/wp-content\/uploads\/2022\/01\/SG-53014-300x300.jpg",300,300,true],"medium_large":["http:\/\/www.prowin-tools.com\/wp-content\/uploads\/2022\/01\/SG-53014-768x768.jpg",768,768,true],"large":["http:\/\/www.prowin-tools.com\/wp-content\/uploads\/2022\/01\/SG-53014-1000x1000.jpg",1000,1000,false],"1536x1536":["http:\/\/www.prowin-tools.com\/wp-content\/uploads\/2022\/01\/SG-53014-1000x1000.jpg",1000,1000,false],"2048x2048":["http:\/\/www.prowin-tools.com\/wp-content\/uploads\/2022\/01\/SG-53014-1000x1000.jpg",1000,1000,false],"trp-custom-language-flag":["http:\/\/www.prowin-tools.com\/wp-content\/uploads\/2022\/01\/SG-53014-1000x1000.jpg",12,12,false],"qubely_landscape":["http:\/\/www.prowin-tools.com\/wp-content\/uploads\/2022\/01\/SG-53014-1000x750.jpg",1000,750,true],"qubely_portrait":["http:\/\/www.prowin-tools.com\/wp-content\/uploads\/2022\/01\/SG-53014-540x320.jpg",540,320,true],"qubely_thumbnail":["http:\/\/www.prowin-tools.com\/wp-content\/uploads\/2022\/01\/SG-53014-140x100.jpg",140,100,true],"woocommerce_thumbnail":["http:\/\/www.prowin-tools.com\/wp-content\/uploads\/2022\/01\/SG-53014-1000x1000-300x300.jpg",300,300,true],"woocommerce_single":["http:\/\/www.prowin-tools.com\/wp-content\/uploads\/2022\/01\/SG-53014-600x600.jpg",600,600,true],"woocommerce_gallery_thumbnail":["http:\/\/www.prowin-tools.com\/wp-content\/uploads\/2022\/01\/SG-53014-1000x1000-100x100.jpg",100,100,true]},"uagb_author_info":{"display_name":"editor.prowin","author_link":"http:\/\/www.prowin-tools.com\/de\/author\/"},"uagb_comment_info":0,"uagb_excerpt":"Air Brush is mainly applied for art, make up, cosmetics, hobby, craft, automotive, cake decorating, tattoo drawings, fingernails, etc. Nozzle and Needle of Prowin Tools Company's Air Brush are precisely made of Stainless Steel for superb performances and long life. Please feel free to contact us if you are searching for Spray Gun with unique&hellip;","_links":{"self":[{"href":"http:\/\/www.prowin-tools.com\/de\/wp-json\/wp\/v2\/product\/4990"}],"collection":[{"href":"http:\/\/www.prowin-tools.com\/de\/wp-json\/wp\/v2\/product"}],"about":[{"href":"http:\/\/www.prowin-tools.com\/de\/wp-json\/wp\/v2\/types\/product"}],"version-history":[{"count":2,"href":"http:\/\/www.prowin-tools.com\/de\/wp-json\/wp\/v2\/product\/4990\/revisions"}],"predecessor-version":[{"id":5929,"href":"http:\/\/www.prowin-tools.com\/de\/wp-json\/wp\/v2\/product\/4990\/revisions\/5929"}],"wp:featuredmedia":[{"embeddable":true,"href":"http:\/\/www.prowin-tools.com\/de\/wp-json\/wp\/v2\/media\/4994"}],"wp:attachment":[{"href":"http:\/\/www.prowin-tools.com\/de\/wp-json\/wp\/v2\/media?parent=4990"}],"wp:term":[{"taxonomy":"product_brand","embeddable":true,"href":"http:\/\/www.prowin-tools.com\/de\/wp-json\/wp\/v2\/product_brand?post=4990"},{"taxonomy":"product_cat","embeddable":true,"href":"http:\/\/www.prowin-tools.com\/de\/wp-json\/wp\/v2\/product_cat?post=4990"},{"taxonomy":"product_tag","embeddable":true,"href":"http:\/\/www.prowin-tools.com\/de\/wp-json\/wp\/v2\/product_tag?post=4990"}],"curies":[{"name":"wp","href":"https:\/\/api.w.org\/{rel}","templated":true}]}}