{"id":5013,"date":"2022-01-07T09:28:23","date_gmt":"2022-01-07T09:28:23","guid":{"rendered":"http:\/\/prowinto.wwwmi3-ss64.a2hosted.com\/?post_type=product&#038;p=5013"},"modified":"2022-01-24T03:44:09","modified_gmt":"2022-01-24T03:44:09","slug":"sg-930-professional-air-brush-kit","status":"publish","type":"product","link":"http:\/\/www.prowin-tools.com\/de\/produkt\/airbrush\/sg-930-professional-airbrush-kit\/","title":{"rendered":"SG-930 Professionelles Airbrush-Kit"},"content":{"rendered":"<p>D\u00fcse und Nadel sind pr\u00e4zise aus Edelstahl gefertigt, sorgen f\u00fcr hervorragende Zerst\u00e4ubung und perfekte Leistung, 100% streng handgepr\u00fcft sorgt f\u00fcr konstant h\u00f6chste Qualit\u00e4t. Abnehmbarer seitlicher Farbbecher mit doppeltwirkender Druckknopfsteuerung erm\u00f6glicht eine gro\u00dfe Auswahl an Spr\u00fchmustern. Geeignet f\u00fcr alle k\u00fcnstlerischen Arbeiten wie kommerzielle Kunst, industrielles Zeichnen, Modellveredelung, Illustration, Design, T-Shirt-Malerei, Hobbyhandwerk usw. Auftragen von Farbstoffen, Tinten, Gouachen, Wasserfarben, aufgel\u00f6sten Acrylfarben usw.<\/p>\n<h3><strong><span class=\"style2\">\u2611<\/span> Spezifikation<\/strong><\/h3>\n<table id=\"tabs-nav\" class=\"xl756500\" border=\"0\" cellspacing=\"2\" cellpadding=\"5\">\n<tbody>\n<tr>\n<th align=\"right\" nowrap=\"nowrap\" bgcolor=\"#EFEFEF\" width=\"152\">\n<div align=\"left\">Farbe-Feed-Typ<\/div>\n<\/th>\n<td bgcolor=\"#F7F7F7\" width=\"527\">Schwere<\/td>\n<\/tr>\n<tr>\n<th align=\"right\" nowrap=\"nowrap\" bgcolor=\"#F7F7F7\">\n<div align=\"left\">D\u00fcsengr\u00f6\u00dfe<\/div>\n<\/th>\n<td>\u00d8 0,3 mm (Verf\u00fcgbar: 0,2, 0,5 mm)<\/td>\n<\/tr>\n<tr>\n<th align=\"right\" nowrap=\"nowrap\" bgcolor=\"#EFEFEF\">\n<div align=\"left\">Spr\u00fchen<\/div>\n<\/th>\n<td bgcolor=\"#F7F7F7\">Einstellbar<\/td>\n<\/tr>\n<tr>\n<th align=\"right\" nowrap=\"nowrap\" bgcolor=\"#F7F7F7\">\n<div align=\"left\">Farbbecher<\/div>\n<\/th>\n<td>Obermaterial, abnehmbar<\/td>\n<\/tr>\n<tr>\n<th align=\"right\" nowrap=\"nowrap\" bgcolor=\"#EFEFEF\">\n<div align=\"left\">Steuerschalter<\/div>\n<\/th>\n<td bgcolor=\"#F7F7F7\">Abzug<\/td>\n<\/tr>\n<tr>\n<th align=\"right\" nowrap=\"nowrap\" bgcolor=\"#F7F7F7\">\n<div align=\"left\">Lufteinlass<\/div>\n<\/th>\n<td>1\/8\u2033 (Schlauch)<\/td>\n<\/tr>\n<tr>\n<th align=\"right\" nowrap=\"nowrap\" bgcolor=\"#EFEFEF\">\n<div align=\"left\">Betriebsdruck<\/div>\n<\/th>\n<td bgcolor=\"#F7F7F7\">1,0\u20133,5 bar (14\u201350 psi)<\/td>\n<\/tr>\n<tr>\n<th align=\"right\" nowrap=\"nowrap\" bgcolor=\"#F7F7F7\">\n<div align=\"left\">Gesamtl\u00e4nge<\/div>\n<\/th>\n<td>150mm<\/td>\n<\/tr>\n<tr>\n<td colspan=\"2\" align=\"left\"><span class=\"xl72\">Zubeh\u00f6rteil<br \/>\n<\/span>\u2022 1-SG-930 Professionelle Luftb\u00fcrste<br \/>\n\u2022 1-1\/8\u2033 Schlauchadapter<br \/>\n\u2022 1-7c.c. Metallbecher<br \/>\n\u2022 1-2c.c. Metallbecher<br \/>\n\u2022 1-Schl\u00fcssel<\/td>\n<\/tr>\n<\/tbody>\n<\/table>","protected":false},"excerpt":{"rendered":"<p class=\"txt_box\">Air Brush wird haupts\u00e4chlich f\u00fcr Kunst, Make-up, Kosmetik, Hobby, Handwerk, Automobil, Kuchendekoration, Tattoo-Zeichnungen, Fingern\u00e4gel usw. verwendet.<br \/>\nD\u00fcse und Nadel der Luftb\u00fcrste von Prowin Tools Company sind pr\u00e4zise aus Edelstahl gefertigt, um hervorragende Leistungen und eine lange Lebensdauer zu gew\u00e4hrleisten.<br \/>\nBitte z\u00f6gern Sie nicht, uns zu kontaktieren, wenn Sie nach einer Spritzpistole mit einzigartigem und stilvollem Design suchen.<\/p>","protected":false},"featured_media":5017,"template":"","meta":{"qubely_global_settings":"","qubely_interactions":"","_uag_custom_page_level_css":"","site-sidebar-layout":"default","site-content-layout":"default","ast-global-header-display":"","ast-main-header-display":"","ast-hfb-above-header-display":"","ast-hfb-below-header-display":"","ast-hfb-mobile-header-display":"","site-post-title":"","ast-breadcrumbs-content":"","ast-featured-img":"","footer-sml-layout":"","theme-transparent-header-meta":"default","adv-header-id-meta":"","stick-header-meta":"default","header-above-stick-meta":"","header-main-stick-meta":"","header-below-stick-meta":"","_themeisle_gutenberg_block_has_review":false},"product_brand":[],"product_cat":[42,82],"product_tag":[],"class_list":{"0":"post-5013","1":"product","2":"type-product","3":"status-publish","4":"has-post-thumbnail","6":"product_cat-airbrush","7":"product_cat-air-brush","8":"desktop-align-center","9":"tablet-align-center","10":"mobile-align-center","12":"","13":"instock","14":"featured","15":"shipping-taxable","16":"purchasable","17":"product-type-simple"},"uagb_featured_image_src":{"full":["http:\/\/www.prowin-tools.com\/wp-content\/uploads\/2022\/01\/SG-93017-1000x1000.jpg",1000,1000,false],"thumbnail":["http:\/\/www.prowin-tools.com\/wp-content\/uploads\/2022\/01\/SG-93017-150x150.jpg",150,150,true],"medium":["http:\/\/www.prowin-tools.com\/wp-content\/uploads\/2022\/01\/SG-93017-300x300.jpg",300,300,true],"medium_large":["http:\/\/www.prowin-tools.com\/wp-content\/uploads\/2022\/01\/SG-93017-768x768.jpg",768,768,true],"large":["http:\/\/www.prowin-tools.com\/wp-content\/uploads\/2022\/01\/SG-93017-1000x1000.jpg",1000,1000,false],"1536x1536":["http:\/\/www.prowin-tools.com\/wp-content\/uploads\/2022\/01\/SG-93017-1000x1000.jpg",1000,1000,false],"2048x2048":["http:\/\/www.prowin-tools.com\/wp-content\/uploads\/2022\/01\/SG-93017-1000x1000.jpg",1000,1000,false],"trp-custom-language-flag":["http:\/\/www.prowin-tools.com\/wp-content\/uploads\/2022\/01\/SG-93017-1000x1000.jpg",12,12,false],"qubely_landscape":["http:\/\/www.prowin-tools.com\/wp-content\/uploads\/2022\/01\/SG-93017-1000x750.jpg",1000,750,true],"qubely_portrait":["http:\/\/www.prowin-tools.com\/wp-content\/uploads\/2022\/01\/SG-93017-540x320.jpg",540,320,true],"qubely_thumbnail":["http:\/\/www.prowin-tools.com\/wp-content\/uploads\/2022\/01\/SG-93017-140x100.jpg",140,100,true],"woocommerce_thumbnail":["http:\/\/www.prowin-tools.com\/wp-content\/uploads\/2022\/01\/SG-93017-1000x1000-300x300.jpg",300,300,true],"woocommerce_single":["http:\/\/www.prowin-tools.com\/wp-content\/uploads\/2022\/01\/SG-93017-600x600.jpg",600,600,true],"woocommerce_gallery_thumbnail":["http:\/\/www.prowin-tools.com\/wp-content\/uploads\/2022\/01\/SG-93017-1000x1000-100x100.jpg",100,100,true]},"uagb_author_info":{"display_name":"editor.prowin","author_link":"http:\/\/www.prowin-tools.com\/de\/author\/"},"uagb_comment_info":0,"uagb_excerpt":"Air Brush is mainly applied for art, make up, cosmetics, hobby, craft, automotive, cake decorating, tattoo drawings, fingernails, etc. Nozzle and Needle of Prowin Tools Company's Air Brush are precisely made of Stainless Steel for superb performances and long life. Please feel free to contact us if you are searching for Spray Gun with unique&hellip;","_links":{"self":[{"href":"http:\/\/www.prowin-tools.com\/de\/wp-json\/wp\/v2\/product\/5013"}],"collection":[{"href":"http:\/\/www.prowin-tools.com\/de\/wp-json\/wp\/v2\/product"}],"about":[{"href":"http:\/\/www.prowin-tools.com\/de\/wp-json\/wp\/v2\/types\/product"}],"version-history":[{"count":1,"href":"http:\/\/www.prowin-tools.com\/de\/wp-json\/wp\/v2\/product\/5013\/revisions"}],"predecessor-version":[{"id":5928,"href":"http:\/\/www.prowin-tools.com\/de\/wp-json\/wp\/v2\/product\/5013\/revisions\/5928"}],"wp:featuredmedia":[{"embeddable":true,"href":"http:\/\/www.prowin-tools.com\/de\/wp-json\/wp\/v2\/media\/5017"}],"wp:attachment":[{"href":"http:\/\/www.prowin-tools.com\/de\/wp-json\/wp\/v2\/media?parent=5013"}],"wp:term":[{"taxonomy":"product_brand","embeddable":true,"href":"http:\/\/www.prowin-tools.com\/de\/wp-json\/wp\/v2\/product_brand?post=5013"},{"taxonomy":"product_cat","embeddable":true,"href":"http:\/\/www.prowin-tools.com\/de\/wp-json\/wp\/v2\/product_cat?post=5013"},{"taxonomy":"product_tag","embeddable":true,"href":"http:\/\/www.prowin-tools.com\/de\/wp-json\/wp\/v2\/product_tag?post=5013"}],"curies":[{"name":"wp","href":"https:\/\/api.w.org\/{rel}","templated":true}]}}