{"id":5192,"date":"2022-01-12T05:37:33","date_gmt":"2022-01-12T05:37:33","guid":{"rendered":"http:\/\/prowinto.wwwmi3-ss64.a2hosted.com\/?post_type=product&#038;p=5192"},"modified":"2022-01-12T05:40:35","modified_gmt":"2022-01-12T05:40:35","slug":"ap-100-100m-air-paint-hose","status":"publish","type":"product","link":"http:\/\/www.prowin-tools.com\/de\/produkt\/airbrush\/painting-hose\/ap-100-100m-air-paint-hose\/","title":{"rendered":"AP-100 100 m Luft-\/Farbschlauch"},"content":{"rendered":"<h3>&#x2611; Material<\/h3>\n<p>Paint Hose (Nylon And Pu Coaxial Vacuum Extrusion), Air Hose (Pu)<br \/>\nThere Are Hoses Available In A Number Of Sizes.<\/p>\n<h3><strong><span class=\"style2\">\u2611<\/span> Spezifikation<\/strong><\/h3>\n<table id=\"tabs-nav\" class=\"xl756500\" border=\"0\" cellspacing=\"2\" cellpadding=\"5\">\n<tbody>\n<tr>\n<th class=\"xl67\" nowrap=\"nowrap\" bgcolor=\"#EFEFEF\" width=\"152\">\n<div align=\"left\"><span class=\"xl74\">Air Hose<\/span><\/div>\n<\/th>\n<td class=\"xl67\" bgcolor=\"#F7F7F7\" width=\"525\"><span class=\"xl75\">\u00d8 6.5 mm \u00d7 10 mm \u00d7 100 M (PU) <\/span><\/td>\n<\/tr>\n<tr>\n<th class=\"xl67\" nowrap=\"nowrap\" bgcolor=\"#F7F7F7\">\n<div align=\"left\"><span class=\"xl77\">Paint Hose<\/span><\/div>\n<\/th>\n<td class=\"xl67\"><span class=\"xl76\">\u00d8 8 mm \u00d7 11 mm \u00d7 100 M (PU\u00b1Nylon)<\/span><\/td>\n<\/tr>\n<\/tbody>\n<\/table>","protected":false},"excerpt":{"rendered":"<p>Our Company is a well-known company in Air Brush Hose specializing in the design, production and sale of Air Brush Hose and relative appliances.<br \/>\nWe have a team of efficient quality inspectors who make sure our products are manufactured as per the excellent standards.<br \/>\nPlease feel free to contact us if you are looking for a reliable Air Brush Hose Manufacturer.<\/p>","protected":false},"featured_media":5193,"template":"","meta":{"qubely_global_settings":"","qubely_interactions":"","_uag_custom_page_level_css":"","site-sidebar-layout":"default","site-content-layout":"default","ast-global-header-display":"","ast-main-header-display":"","ast-hfb-above-header-display":"","ast-hfb-below-header-display":"","ast-hfb-mobile-header-display":"","site-post-title":"","ast-breadcrumbs-content":"","ast-featured-img":"","footer-sml-layout":"","theme-transparent-header-meta":"default","adv-header-id-meta":"","stick-header-meta":"default","header-above-stick-meta":"","header-main-stick-meta":"","header-below-stick-meta":"","_themeisle_gutenberg_block_has_review":false},"product_brand":[],"product_cat":[61],"product_tag":[],"class_list":{"0":"post-5192","1":"product","2":"type-product","3":"status-publish","4":"has-post-thumbnail","6":"product_cat-painting-hose","7":"desktop-align-center","8":"tablet-align-center","9":"mobile-align-center","11":"","12":"instock","13":"featured","14":"shipping-taxable","15":"purchasable","16":"product-type-simple"},"uagb_featured_image_src":{"full":["http:\/\/www.prowin-tools.com\/wp-content\/uploads\/2022\/01\/AP-100-1-100M-Air-Paint-Hose-1000x1000.jpg",1000,1000,false],"thumbnail":["http:\/\/www.prowin-tools.com\/wp-content\/uploads\/2022\/01\/AP-100-1-100M-Air-Paint-Hose-150x150.jpg",150,150,true],"medium":["http:\/\/www.prowin-tools.com\/wp-content\/uploads\/2022\/01\/AP-100-1-100M-Air-Paint-Hose-300x300.jpg",300,300,true],"medium_large":["http:\/\/www.prowin-tools.com\/wp-content\/uploads\/2022\/01\/AP-100-1-100M-Air-Paint-Hose-768x768.jpg",768,768,true],"large":["http:\/\/www.prowin-tools.com\/wp-content\/uploads\/2022\/01\/AP-100-1-100M-Air-Paint-Hose-1000x1000.jpg",1000,1000,false],"1536x1536":["http:\/\/www.prowin-tools.com\/wp-content\/uploads\/2022\/01\/AP-100-1-100M-Air-Paint-Hose-1000x1000.jpg",1000,1000,false],"2048x2048":["http:\/\/www.prowin-tools.com\/wp-content\/uploads\/2022\/01\/AP-100-1-100M-Air-Paint-Hose-1000x1000.jpg",1000,1000,false],"trp-custom-language-flag":["http:\/\/www.prowin-tools.com\/wp-content\/uploads\/2022\/01\/AP-100-1-100M-Air-Paint-Hose-1000x1000.jpg",12,12,false],"qubely_landscape":["http:\/\/www.prowin-tools.com\/wp-content\/uploads\/2022\/01\/AP-100-1-100M-Air-Paint-Hose-1000x750.jpg",1000,750,true],"qubely_portrait":["http:\/\/www.prowin-tools.com\/wp-content\/uploads\/2022\/01\/AP-100-1-100M-Air-Paint-Hose-540x320.jpg",540,320,true],"qubely_thumbnail":["http:\/\/www.prowin-tools.com\/wp-content\/uploads\/2022\/01\/AP-100-1-100M-Air-Paint-Hose-140x100.jpg",140,100,true],"woocommerce_thumbnail":["http:\/\/www.prowin-tools.com\/wp-content\/uploads\/2022\/01\/AP-100-1-100M-Air-Paint-Hose-1000x1000-300x300.jpg",300,300,true],"woocommerce_single":["http:\/\/www.prowin-tools.com\/wp-content\/uploads\/2022\/01\/AP-100-1-100M-Air-Paint-Hose-600x600.jpg",600,600,true],"woocommerce_gallery_thumbnail":["http:\/\/www.prowin-tools.com\/wp-content\/uploads\/2022\/01\/AP-100-1-100M-Air-Paint-Hose-1000x1000-100x100.jpg",100,100,true]},"uagb_author_info":{"display_name":"editor.prowin","author_link":"http:\/\/www.prowin-tools.com\/de\/author\/"},"uagb_comment_info":0,"uagb_excerpt":"Our Company is a well-known company in Air Brush Hose specializing in the design, production and sale of Air Brush Hose and relative appliances. We have a team of efficient quality inspectors who make sure our products are manufactured as per the excellent standards. Please feel free to contact us if you are looking for&hellip;","_links":{"self":[{"href":"http:\/\/www.prowin-tools.com\/de\/wp-json\/wp\/v2\/product\/5192"}],"collection":[{"href":"http:\/\/www.prowin-tools.com\/de\/wp-json\/wp\/v2\/product"}],"about":[{"href":"http:\/\/www.prowin-tools.com\/de\/wp-json\/wp\/v2\/types\/product"}],"version-history":[{"count":2,"href":"http:\/\/www.prowin-tools.com\/de\/wp-json\/wp\/v2\/product\/5192\/revisions"}],"predecessor-version":[{"id":5195,"href":"http:\/\/www.prowin-tools.com\/de\/wp-json\/wp\/v2\/product\/5192\/revisions\/5195"}],"wp:featuredmedia":[{"embeddable":true,"href":"http:\/\/www.prowin-tools.com\/de\/wp-json\/wp\/v2\/media\/5193"}],"wp:attachment":[{"href":"http:\/\/www.prowin-tools.com\/de\/wp-json\/wp\/v2\/media?parent=5192"}],"wp:term":[{"taxonomy":"product_brand","embeddable":true,"href":"http:\/\/www.prowin-tools.com\/de\/wp-json\/wp\/v2\/product_brand?post=5192"},{"taxonomy":"product_cat","embeddable":true,"href":"http:\/\/www.prowin-tools.com\/de\/wp-json\/wp\/v2\/product_cat?post=5192"},{"taxonomy":"product_tag","embeddable":true,"href":"http:\/\/www.prowin-tools.com\/de\/wp-json\/wp\/v2\/product_tag?post=5192"}],"curies":[{"name":"wp","href":"https:\/\/api.w.org\/{rel}","templated":true}]}}