{"id":5232,"date":"2022-01-12T07:49:28","date_gmt":"2022-01-12T07:49:28","guid":{"rendered":"http:\/\/prowinto.wwwmi3-ss64.a2hosted.com\/?post_type=product&#038;p=5232"},"modified":"2025-09-05T07:27:48","modified_gmt":"2025-09-05T07:27:48","slug":"sg-420a-7c-c-air-brush-adjustable","status":"publish","type":"product","link":"http:\/\/www.prowin-tools.com\/de\/produkt\/airbrush\/sg-420a-7c-c-air-brush-adjustable\/","title":{"rendered":"SG-420A 7c.c. Luftb\u00fcrste \/ Einstellbar"},"content":{"rendered":"<p>With side-detached color cup gives convenient drawing and steady performance. Suitable for general purpose of art-work such as photo-retouching, fine drawings, technical and medical illustration, body-craft, precise crafts, hobbies, plastic model by application of color inks, water colors, lacquers, design colors, dissolved acrylics and gouaches etc&#8230;<\/p>\n<p><img fetchpriority=\"high\" decoding=\"async\" class=\"alignnone wp-image-13003\" style=\"font-weight: inherit;\" src=\"http:\/\/www.prowin-tools.com\/wp-content\/uploads\/2022\/01\/EN-2-1-300x300.jpg\" alt=\"\" width=\"512\" height=\"512\" srcset=\"http:\/\/www.prowin-tools.com\/wp-content\/uploads\/2022\/01\/EN-2-1-300x300.jpg 300w, http:\/\/www.prowin-tools.com\/wp-content\/uploads\/2022\/01\/EN-2-1-1024x1024.jpg 1024w, http:\/\/www.prowin-tools.com\/wp-content\/uploads\/2022\/01\/EN-2-1-150x150.jpg 150w, http:\/\/www.prowin-tools.com\/wp-content\/uploads\/2022\/01\/EN-2-1-768x768.jpg 768w, http:\/\/www.prowin-tools.com\/wp-content\/uploads\/2022\/01\/EN-2-1-12x12.jpg 12w, http:\/\/www.prowin-tools.com\/wp-content\/uploads\/2022\/01\/EN-2-1-600x600.jpg 600w, http:\/\/www.prowin-tools.com\/wp-content\/uploads\/2022\/01\/EN-2-1-100x100.jpg 100w, http:\/\/www.prowin-tools.com\/wp-content\/uploads\/2022\/01\/EN-2-1.jpg 1200w\" sizes=\"(max-width: 512px) 100vw, 512px\" \/><\/p>\n<p><img decoding=\"async\" class=\"alignnone wp-image-12999\" src=\"http:\/\/www.prowin-tools.com\/wp-content\/uploads\/2022\/01\/Airbrush2-300x300.jpg\" alt=\"\" width=\"512\" height=\"512\" srcset=\"http:\/\/www.prowin-tools.com\/wp-content\/uploads\/2022\/01\/Airbrush2-300x300.jpg 300w, http:\/\/www.prowin-tools.com\/wp-content\/uploads\/2022\/01\/Airbrush2-1024x1024.jpg 1024w, http:\/\/www.prowin-tools.com\/wp-content\/uploads\/2022\/01\/Airbrush2-150x150.jpg 150w, http:\/\/www.prowin-tools.com\/wp-content\/uploads\/2022\/01\/Airbrush2-768x768.jpg 768w, http:\/\/www.prowin-tools.com\/wp-content\/uploads\/2022\/01\/Airbrush2-12x12.jpg 12w, http:\/\/www.prowin-tools.com\/wp-content\/uploads\/2022\/01\/Airbrush2-600x600.jpg 600w, http:\/\/www.prowin-tools.com\/wp-content\/uploads\/2022\/01\/Airbrush2-100x100.jpg 100w, http:\/\/www.prowin-tools.com\/wp-content\/uploads\/2022\/01\/Airbrush2.jpg 1200w\" sizes=\"(max-width: 512px) 100vw, 512px\" \/><\/p>\n<p><img decoding=\"async\" class=\"alignnone wp-image-13001\" style=\"font-weight: inherit;\" src=\"http:\/\/www.prowin-tools.com\/wp-content\/uploads\/2022\/01\/EN-1-300x300.jpg\" alt=\"\" width=\"512\" height=\"512\" srcset=\"http:\/\/www.prowin-tools.com\/wp-content\/uploads\/2022\/01\/EN-1-300x300.jpg 300w, http:\/\/www.prowin-tools.com\/wp-content\/uploads\/2022\/01\/EN-1-1024x1024.jpg 1024w, http:\/\/www.prowin-tools.com\/wp-content\/uploads\/2022\/01\/EN-1-150x150.jpg 150w, http:\/\/www.prowin-tools.com\/wp-content\/uploads\/2022\/01\/EN-1-768x768.jpg 768w, http:\/\/www.prowin-tools.com\/wp-content\/uploads\/2022\/01\/EN-1-12x12.jpg 12w, http:\/\/www.prowin-tools.com\/wp-content\/uploads\/2022\/01\/EN-1-600x600.jpg 600w, http:\/\/www.prowin-tools.com\/wp-content\/uploads\/2022\/01\/EN-1-100x100.jpg 100w, http:\/\/www.prowin-tools.com\/wp-content\/uploads\/2022\/01\/EN-1.jpg 1200w\" sizes=\"(max-width: 512px) 100vw, 512px\" \/><\/p>\n<p><img loading=\"lazy\" decoding=\"async\" class=\"alignnone wp-image-13002\" style=\"font-style: inherit; font-weight: inherit;\" src=\"http:\/\/www.prowin-tools.com\/wp-content\/uploads\/2022\/01\/2-4-300x300.jpg\" alt=\"\" width=\"512\" height=\"512\" srcset=\"http:\/\/www.prowin-tools.com\/wp-content\/uploads\/2022\/01\/2-4-300x300.jpg 300w, http:\/\/www.prowin-tools.com\/wp-content\/uploads\/2022\/01\/2-4-1024x1024.jpg 1024w, http:\/\/www.prowin-tools.com\/wp-content\/uploads\/2022\/01\/2-4-150x150.jpg 150w, http:\/\/www.prowin-tools.com\/wp-content\/uploads\/2022\/01\/2-4-768x768.jpg 768w, http:\/\/www.prowin-tools.com\/wp-content\/uploads\/2022\/01\/2-4-12x12.jpg 12w, http:\/\/www.prowin-tools.com\/wp-content\/uploads\/2022\/01\/2-4-600x600.jpg 600w, http:\/\/www.prowin-tools.com\/wp-content\/uploads\/2022\/01\/2-4-100x100.jpg 100w, http:\/\/www.prowin-tools.com\/wp-content\/uploads\/2022\/01\/2-4.jpg 1200w\" sizes=\"(max-width: 512px) 100vw, 512px\" \/><\/p>\n<p><img loading=\"lazy\" decoding=\"async\" class=\"alignnone wp-image-13000\" style=\"font-style: inherit; font-weight: inherit;\" src=\"http:\/\/www.prowin-tools.com\/wp-content\/uploads\/2022\/01\/2-3-300x300.jpg\" alt=\"\" width=\"512\" height=\"512\" srcset=\"http:\/\/www.prowin-tools.com\/wp-content\/uploads\/2022\/01\/2-3-300x300.jpg 300w, http:\/\/www.prowin-tools.com\/wp-content\/uploads\/2022\/01\/2-3-1024x1024.jpg 1024w, http:\/\/www.prowin-tools.com\/wp-content\/uploads\/2022\/01\/2-3-150x150.jpg 150w, http:\/\/www.prowin-tools.com\/wp-content\/uploads\/2022\/01\/2-3-768x768.jpg 768w, http:\/\/www.prowin-tools.com\/wp-content\/uploads\/2022\/01\/2-3-12x12.jpg 12w, http:\/\/www.prowin-tools.com\/wp-content\/uploads\/2022\/01\/2-3-600x600.jpg 600w, http:\/\/www.prowin-tools.com\/wp-content\/uploads\/2022\/01\/2-3-100x100.jpg 100w, http:\/\/www.prowin-tools.com\/wp-content\/uploads\/2022\/01\/2-3.jpg 1200w\" sizes=\"(max-width: 512px) 100vw, 512px\" \/><\/p>\n<p><img loading=\"lazy\" decoding=\"async\" class=\"alignnone wp-image-12995\" style=\"font-style: inherit; font-weight: inherit;\" src=\"http:\/\/www.prowin-tools.com\/wp-content\/uploads\/2022\/01\/2-1-300x300.jpg\" alt=\"\" width=\"512\" height=\"512\" srcset=\"http:\/\/www.prowin-tools.com\/wp-content\/uploads\/2022\/01\/2-1-300x300.jpg 300w, http:\/\/www.prowin-tools.com\/wp-content\/uploads\/2022\/01\/2-1-1024x1024.jpg 1024w, http:\/\/www.prowin-tools.com\/wp-content\/uploads\/2022\/01\/2-1-150x150.jpg 150w, http:\/\/www.prowin-tools.com\/wp-content\/uploads\/2022\/01\/2-1-768x768.jpg 768w, http:\/\/www.prowin-tools.com\/wp-content\/uploads\/2022\/01\/2-1-12x12.jpg 12w, http:\/\/www.prowin-tools.com\/wp-content\/uploads\/2022\/01\/2-1-600x600.jpg 600w, http:\/\/www.prowin-tools.com\/wp-content\/uploads\/2022\/01\/2-1-100x100.jpg 100w, http:\/\/www.prowin-tools.com\/wp-content\/uploads\/2022\/01\/2-1.jpg 1200w\" sizes=\"(max-width: 512px) 100vw, 512px\" \/><\/p>\n<h3><strong><span class=\"style2\">\u2611<\/span> Spezifikation<\/strong><\/h3>\n<table id=\"tabs-nav\" class=\"xl756500\" border=\"0\" cellspacing=\"2\" cellpadding=\"5\">\n<tbody>\n<tr>\n<th align=\"right\" nowrap=\"nowrap\" bgcolor=\"#EFEFEF\" width=\"152\">\n<div align=\"left\">Farbe-Feed-Typ<\/div>\n<\/th>\n<td bgcolor=\"#F7F7F7\" width=\"525\">Schwere<\/td>\n<\/tr>\n<tr>\n<th align=\"right\" nowrap=\"nowrap\" bgcolor=\"#F7F7F7\">\n<div align=\"left\">D\u00fcsengr\u00f6\u00dfe<\/div>\n<\/th>\n<td>\u00d8 0,3 mm (Verf\u00fcgbar: 0,2, 0,5 mm)<\/td>\n<\/tr>\n<tr>\n<th align=\"right\" nowrap=\"nowrap\" bgcolor=\"#EFEFEF\">\n<div align=\"left\">Cup Capacity<\/div>\n<\/th>\n<td bgcolor=\"#F7F7F7\">7 c.c.<\/td>\n<\/tr>\n<tr>\n<th align=\"right\" nowrap=\"nowrap\" bgcolor=\"#F7F7F7\">\n<div align=\"left\">Farbbecher<\/div>\n<\/th>\n<td>Side Detachable<\/td>\n<\/tr>\n<tr>\n<th align=\"right\" nowrap=\"nowrap\" bgcolor=\"#EFEFEF\">\n<div align=\"left\">Control<\/div>\n<\/th>\n<td bgcolor=\"#F7F7F7\">Push-Button<\/td>\n<\/tr>\n<tr>\n<th align=\"right\" nowrap=\"nowrap\" bgcolor=\"#F7F7F7\">\n<div align=\"left\">Lufteinlass<\/div>\n<\/th>\n<td>1\/8\u2033 (Schlauch)<\/td>\n<\/tr>\n<tr>\n<th align=\"right\" nowrap=\"nowrap\" bgcolor=\"#EFEFEF\">\n<div align=\"left\">Betriebsdruck<\/div>\n<\/th>\n<td bgcolor=\"#F7F7F7\">1,0\u20133,5 bar (14\u201350 psi)<\/td>\n<\/tr>\n<tr>\n<th align=\"right\" nowrap=\"nowrap\" bgcolor=\"#F7F7F7\">\n<div align=\"left\">Gesamtl\u00e4nge<\/div>\n<\/th>\n<td>145 mm<\/td>\n<\/tr>\n<\/tbody>\n<\/table>","protected":false},"excerpt":{"rendered":"<p class=\"txt_box\">Air Brush wird haupts\u00e4chlich f\u00fcr Kunst, Make-up, Kosmetik, Hobby, Handwerk, Automobil, Kuchendekoration, Tattoo-Zeichnungen, Fingern\u00e4gel usw. verwendet.<br \/>\nD\u00fcse und Nadel der Luftb\u00fcrste von Prowin Tools Company sind pr\u00e4zise aus Edelstahl gefertigt, um hervorragende Leistungen und eine lange Lebensdauer zu gew\u00e4hrleisten.<br \/>\nBitte z\u00f6gern Sie nicht, uns zu kontaktieren, wenn Sie nach einer Spritzpistole mit einzigartigem und stilvollem Design suchen.<\/p>","protected":false},"featured_media":5235,"template":"","meta":{"qubely_global_settings":"","qubely_interactions":"","_uag_custom_page_level_css":"","site-sidebar-layout":"default","site-content-layout":"default","ast-global-header-display":"","ast-main-header-display":"","ast-hfb-above-header-display":"","ast-hfb-below-header-display":"","ast-hfb-mobile-header-display":"","site-post-title":"","ast-breadcrumbs-content":"","ast-featured-img":"","footer-sml-layout":"","theme-transparent-header-meta":"default","adv-header-id-meta":"","stick-header-meta":"default","header-above-stick-meta":"","header-main-stick-meta":"","header-below-stick-meta":"","_themeisle_gutenberg_block_has_review":false},"product_brand":[],"product_cat":[42,82],"product_tag":[],"class_list":{"0":"post-5232","1":"product","2":"type-product","3":"status-publish","4":"has-post-thumbnail","6":"product_cat-airbrush","7":"product_cat-air-brush","8":"desktop-align-center","9":"tablet-align-center","10":"mobile-align-center","12":"","13":"instock","14":"featured","15":"shipping-taxable","16":"purchasable","17":"product-type-simple"},"uagb_featured_image_src":{"full":["http:\/\/www.prowin-tools.com\/wp-content\/uploads\/2022\/01\/sg-420a-side-cup-adjustable-airbrush.jpg",1000,1000,false],"thumbnail":["http:\/\/www.prowin-tools.com\/wp-content\/uploads\/2022\/01\/CH-RASG-420A-150x150.jpg",150,150,true],"medium":["http:\/\/www.prowin-tools.com\/wp-content\/uploads\/2022\/01\/CH-RASG-420A-300x300.jpg",300,300,true],"medium_large":["http:\/\/www.prowin-tools.com\/wp-content\/uploads\/2022\/01\/CH-RASG-420A-768x768.jpg",768,768,true],"large":["http:\/\/www.prowin-tools.com\/wp-content\/uploads\/2022\/01\/sg-420a-side-cup-adjustable-airbrush.jpg",1000,1000,false],"1536x1536":["http:\/\/www.prowin-tools.com\/wp-content\/uploads\/2022\/01\/sg-420a-side-cup-adjustable-airbrush.jpg",1000,1000,false],"2048x2048":["http:\/\/www.prowin-tools.com\/wp-content\/uploads\/2022\/01\/sg-420a-side-cup-adjustable-airbrush.jpg",1000,1000,false],"trp-custom-language-flag":["http:\/\/www.prowin-tools.com\/wp-content\/uploads\/2022\/01\/sg-420a-side-cup-adjustable-airbrush.jpg",12,12,false],"qubely_landscape":["http:\/\/www.prowin-tools.com\/wp-content\/uploads\/2022\/01\/CH-RASG-420A-1000x750.jpg",1000,750,true],"qubely_portrait":["http:\/\/www.prowin-tools.com\/wp-content\/uploads\/2022\/01\/CH-RASG-420A-540x320.jpg",540,320,true],"qubely_thumbnail":["http:\/\/www.prowin-tools.com\/wp-content\/uploads\/2022\/01\/CH-RASG-420A-140x100.jpg",140,100,true],"woocommerce_thumbnail":["http:\/\/www.prowin-tools.com\/wp-content\/uploads\/2022\/01\/sg-420a-side-cup-adjustable-airbrush-300x300.jpg",300,300,true],"woocommerce_single":["http:\/\/www.prowin-tools.com\/wp-content\/uploads\/2022\/01\/CH-RASG-420A-600x600.jpg",600,600,true],"woocommerce_gallery_thumbnail":["http:\/\/www.prowin-tools.com\/wp-content\/uploads\/2022\/01\/sg-420a-side-cup-adjustable-airbrush-100x100.jpg",100,100,true]},"uagb_author_info":{"display_name":"editor.prowin","author_link":"http:\/\/www.prowin-tools.com\/de\/author\/"},"uagb_comment_info":0,"uagb_excerpt":"Air Brush is mainly applied for art, make up, cosmetics, hobby, craft, automotive, cake decorating, tattoo drawings, fingernails, etc. Nozzle and Needle of Prowin Tools Company's Air Brush are precisely made of Stainless Steel for superb performances and long life. Please feel free to contact us if you are searching for Spray Gun with unique&hellip;","_links":{"self":[{"href":"http:\/\/www.prowin-tools.com\/de\/wp-json\/wp\/v2\/product\/5232"}],"collection":[{"href":"http:\/\/www.prowin-tools.com\/de\/wp-json\/wp\/v2\/product"}],"about":[{"href":"http:\/\/www.prowin-tools.com\/de\/wp-json\/wp\/v2\/types\/product"}],"version-history":[{"count":3,"href":"http:\/\/www.prowin-tools.com\/de\/wp-json\/wp\/v2\/product\/5232\/revisions"}],"predecessor-version":[{"id":13004,"href":"http:\/\/www.prowin-tools.com\/de\/wp-json\/wp\/v2\/product\/5232\/revisions\/13004"}],"wp:featuredmedia":[{"embeddable":true,"href":"http:\/\/www.prowin-tools.com\/de\/wp-json\/wp\/v2\/media\/5235"}],"wp:attachment":[{"href":"http:\/\/www.prowin-tools.com\/de\/wp-json\/wp\/v2\/media?parent=5232"}],"wp:term":[{"taxonomy":"product_brand","embeddable":true,"href":"http:\/\/www.prowin-tools.com\/de\/wp-json\/wp\/v2\/product_brand?post=5232"},{"taxonomy":"product_cat","embeddable":true,"href":"http:\/\/www.prowin-tools.com\/de\/wp-json\/wp\/v2\/product_cat?post=5232"},{"taxonomy":"product_tag","embeddable":true,"href":"http:\/\/www.prowin-tools.com\/de\/wp-json\/wp\/v2\/product_tag?post=5232"}],"curies":[{"name":"wp","href":"https:\/\/api.w.org\/{rel}","templated":true}]}}