{"id":5244,"date":"2022-01-12T08:14:47","date_gmt":"2022-01-12T08:14:47","guid":{"rendered":"http:\/\/prowinto.wwwmi3-ss64.a2hosted.com\/?post_type=product&#038;p=5244"},"modified":"2024-04-10T09:12:28","modified_gmt":"2024-04-10T09:12:28","slug":"sg-720-hobby-air-brush-kit","status":"publish","type":"product","link":"http:\/\/www.prowin-tools.com\/de\/produkt\/airbrush\/sg-720-hobby-air-brush-kit\/","title":{"rendered":"SG-720 Hobby Airbrush Set f\u00fcr Anf\u00e4nger"},"content":{"rendered":"<p style=\"text-align: center;\"><iframe title=\"YouTube video player\" src=\"https:\/\/www.youtube.com\/embed\/fMD6pxv_1bg?si=_nRcs4nSjCSL4OAJ\" width=\"560\" height=\"315\" frameborder=\"0\" allowfullscreen=\"allowfullscreen\"><\/iframe><\/p>\n<p style=\"text-align: left;\">SG-720 Airbrush kit is made of Composed plastic. This single action precise-made air brush is control by push-button. The <span class=\"OYPEnA text-decoration-none text-strikethrough-none\">spray pattern is adjustable from\u00a0 1\/4&#8243;, 1-1\/2&#8243;. Best for quick painting on large area. Not only does it have excellent atomization effect, its simple structure makes cleaning more convenient and reduces the damage rate. Handy design makes it easy for beginners to use. Suitable for <\/span>student, hobby users, beginners etc\u2026<\/p>\n<h3><strong><span class=\"style2\">\u2611<\/span> Spezifikation<\/strong><\/h3>\n<table id=\"tabs-nav\" class=\"xl756500\" border=\"0\" cellspacing=\"2\" cellpadding=\"5\">\n<tbody>\n<tr>\n<th align=\"right\" nowrap=\"nowrap\" bgcolor=\"#EFEFEF\" width=\"152\">\n<div align=\"left\">Farbe-Feed-Typ<\/div>\n<\/th>\n<td bgcolor=\"#F7F7F7\" width=\"525\">Siphon<\/td>\n<\/tr>\n<tr>\n<th align=\"right\" nowrap=\"nowrap\" bgcolor=\"#F7F7F7\">\n<div align=\"left\">Steuerschalter<\/div>\n<\/th>\n<td>Push-Button<\/td>\n<\/tr>\n<tr>\n<th align=\"right\" nowrap=\"nowrap\" bgcolor=\"#EFEFEF\">\n<div align=\"left\">Lufteinlass<\/div>\n<\/th>\n<td bgcolor=\"#F7F7F7\">1\/8\u2033 (Schlauch)<\/td>\n<\/tr>\n<tr>\n<th align=\"right\" nowrap=\"nowrap\" bgcolor=\"#F7F7F7\">\n<div align=\"left\">Betriebsdruck<\/div>\n<\/th>\n<td>1,0\u20133,5 bar (14\u201350 psi)<\/td>\n<\/tr>\n<tr bgcolor=\"#FFFFFF\">\n<td colspan=\"2\" align=\"right\">\n<div align=\"left\">\n<p>Zubeh\u00f6rteil<\/p>\n<ul>\n<li>1-SG-720 Hobby Air Brush<\/li>\n<li>1-183CM Pvc Air hose<\/li>\n<li>1-60c.c. Glass Jar<\/li>\n<li>1-22c.c. Glass Jar<\/li>\n<li>1-Spanner<\/li>\n<li>1-Cup<\/li>\n<\/ul>\n<\/div>\n<\/td>\n<\/tr>\n<\/tbody>\n<\/table>","protected":false},"excerpt":{"rendered":"<p class=\"txt_box\">Air Brush wird haupts\u00e4chlich f\u00fcr Kunst, Make-up, Kosmetik, Hobby, Handwerk, Automobil, Kuchendekoration, Tattoo-Zeichnungen, Fingern\u00e4gel usw. verwendet.<br \/>\nD\u00fcse und Nadel der Luftb\u00fcrste von Prowin Tools Company sind pr\u00e4zise aus Edelstahl gefertigt, um hervorragende Leistungen und eine lange Lebensdauer zu gew\u00e4hrleisten.<br \/>\nBitte z\u00f6gern Sie nicht, uns zu kontaktieren, wenn Sie nach einer Spritzpistole mit einzigartigem und stilvollem Design suchen.<\/p>","protected":false},"featured_media":9666,"template":"","meta":{"qubely_global_settings":"","qubely_interactions":"","_uag_custom_page_level_css":"","site-sidebar-layout":"default","site-content-layout":"default","ast-global-header-display":"","ast-main-header-display":"","ast-hfb-above-header-display":"","ast-hfb-below-header-display":"","ast-hfb-mobile-header-display":"","site-post-title":"","ast-breadcrumbs-content":"","ast-featured-img":"","footer-sml-layout":"","theme-transparent-header-meta":"default","adv-header-id-meta":"","stick-header-meta":"default","header-above-stick-meta":"","header-main-stick-meta":"","header-below-stick-meta":"","_themeisle_gutenberg_block_has_review":false},"product_brand":[],"product_cat":[42,82],"product_tag":[],"class_list":{"0":"post-5244","1":"product","2":"type-product","3":"status-publish","4":"has-post-thumbnail","6":"product_cat-airbrush","7":"product_cat-air-brush","8":"desktop-align-center","9":"tablet-align-center","10":"mobile-align-center","12":"","13":"instock","14":"featured","15":"shipping-taxable","16":"purchasable","17":"product-type-simple"},"uagb_featured_image_src":{"full":["http:\/\/www.prowin-tools.com\/wp-content\/uploads\/2022\/10\/SG-720-3Airbrush.jpg",1000,1000,false],"thumbnail":["http:\/\/www.prowin-tools.com\/wp-content\/uploads\/2022\/10\/SG-720-3Airbrush-150x150.jpg",150,150,true],"medium":["http:\/\/www.prowin-tools.com\/wp-content\/uploads\/2022\/10\/SG-720-3Airbrush-300x300.jpg",300,300,true],"medium_large":["http:\/\/www.prowin-tools.com\/wp-content\/uploads\/2022\/10\/SG-720-3Airbrush-768x768.jpg",768,768,true],"large":["http:\/\/www.prowin-tools.com\/wp-content\/uploads\/2022\/10\/SG-720-3Airbrush.jpg",1000,1000,false],"1536x1536":["http:\/\/www.prowin-tools.com\/wp-content\/uploads\/2022\/10\/SG-720-3Airbrush.jpg",1000,1000,false],"2048x2048":["http:\/\/www.prowin-tools.com\/wp-content\/uploads\/2022\/10\/SG-720-3Airbrush.jpg",1000,1000,false],"trp-custom-language-flag":["http:\/\/www.prowin-tools.com\/wp-content\/uploads\/2022\/10\/SG-720-3Airbrush-12x12.jpg",12,12,true],"qubely_landscape":["http:\/\/www.prowin-tools.com\/wp-content\/uploads\/2022\/10\/SG-720-3Airbrush-1000x750.jpg",1000,750,true],"qubely_portrait":["http:\/\/www.prowin-tools.com\/wp-content\/uploads\/2022\/10\/SG-720-3Airbrush-540x320.jpg",540,320,true],"qubely_thumbnail":["http:\/\/www.prowin-tools.com\/wp-content\/uploads\/2022\/10\/SG-720-3Airbrush-140x100.jpg",140,100,true],"woocommerce_thumbnail":["http:\/\/www.prowin-tools.com\/wp-content\/uploads\/2022\/10\/SG-720-3Airbrush-300x300.jpg",300,300,true],"woocommerce_single":["http:\/\/www.prowin-tools.com\/wp-content\/uploads\/2022\/10\/SG-720-3Airbrush-600x600.jpg",600,600,true],"woocommerce_gallery_thumbnail":["http:\/\/www.prowin-tools.com\/wp-content\/uploads\/2022\/10\/SG-720-3Airbrush-100x100.jpg",100,100,true]},"uagb_author_info":{"display_name":"editor.prowin","author_link":"http:\/\/www.prowin-tools.com\/de\/author\/"},"uagb_comment_info":0,"uagb_excerpt":"Air Brush is mainly applied for art, make up, cosmetics, hobby, craft, automotive, cake decorating, tattoo drawings, fingernails, etc. Nozzle and Needle of Prowin Tools Company's Air Brush are precisely made of Stainless Steel for superb performances and long life. Please feel free to contact us if you are searching for Spray Gun with unique&hellip;","_links":{"self":[{"href":"http:\/\/www.prowin-tools.com\/de\/wp-json\/wp\/v2\/product\/5244"}],"collection":[{"href":"http:\/\/www.prowin-tools.com\/de\/wp-json\/wp\/v2\/product"}],"about":[{"href":"http:\/\/www.prowin-tools.com\/de\/wp-json\/wp\/v2\/types\/product"}],"version-history":[{"count":2,"href":"http:\/\/www.prowin-tools.com\/de\/wp-json\/wp\/v2\/product\/5244\/revisions"}],"predecessor-version":[{"id":12610,"href":"http:\/\/www.prowin-tools.com\/de\/wp-json\/wp\/v2\/product\/5244\/revisions\/12610"}],"wp:featuredmedia":[{"embeddable":true,"href":"http:\/\/www.prowin-tools.com\/de\/wp-json\/wp\/v2\/media\/9666"}],"wp:attachment":[{"href":"http:\/\/www.prowin-tools.com\/de\/wp-json\/wp\/v2\/media?parent=5244"}],"wp:term":[{"taxonomy":"product_brand","embeddable":true,"href":"http:\/\/www.prowin-tools.com\/de\/wp-json\/wp\/v2\/product_brand?post=5244"},{"taxonomy":"product_cat","embeddable":true,"href":"http:\/\/www.prowin-tools.com\/de\/wp-json\/wp\/v2\/product_cat?post=5244"},{"taxonomy":"product_tag","embeddable":true,"href":"http:\/\/www.prowin-tools.com\/de\/wp-json\/wp\/v2\/product_tag?post=5244"}],"curies":[{"name":"wp","href":"https:\/\/api.w.org\/{rel}","templated":true}]}}