{"id":3612,"date":"2020-09-09T04:31:48","date_gmt":"2020-09-09T04:31:48","guid":{"rendered":"http:\/\/prowinto.wwwmi3-ss64.a2hosted.com\/about\/"},"modified":"2024-09-09T11:00:26","modified_gmt":"2024-09-09T11:00:26","slug":"about","status":"publish","type":"page","link":"https:\/\/www.prowin-tools.com\/it\/di\/","title":{"rendered":"Di"},"content":{"rendered":"<h1 class=\"wp-block-heading alignfull has-text-align-center has-ast-global-color-4-color has-text-color has-background\" id=\"about-us\" style=\"background-color:#03748e\"> Chi siamo <\/h1><div class=\"wp-block-qubely-text qubely-block-e16e8b\"><div class=\"qubely-block-text\"><div class=\"qubely-block-text-title-container  qubely-separator-position-top\"><div class=\"qubely-block-text-title-inner\"><h2 class=\"qubely-block-text-title\">STRUMENTI PROWIN<\/h2><\/div><\/div><p>Founded in 1994, Prowin Tools has over 30 years of expertise in the pneumatic tools industry, specializing in a comprehensive range of high-quality air spray guns, painting equipment, and peripheral accessories. Our extensive product lineup includes conventional, HVLP, RP\/HTE and LVLP models, turbine, and airless spray guns, airbrushes, paint pressure tanks, diaphragm pumps, air die grinders, air sanders\/polishers, and air control units, among many others.\u00a0<br><br>Prowin Tools is proud to be a Taiwan-based manufacturer, known for delivering precision, innovation, and reliability in every product we create. Taiwan\u2019s reputation for advanced manufacturing, skilled craftsmanship, and stringent quality standards sets us apart in the global market, allowing us to produce durable and efficient tools that meet the highest industry standards.<br><br>With a deep understanding of the market, Prowin Tools has successfully served customers in over 60 countries worldwide. Our commitment to customer satisfaction, fast response times, and comprehensive support have made us a trusted name in the pneumatic tools sector. At Prowin, our core philosophy is to provide value-added products and exceptional service, ensuring our clients achieve the best possible outcomes.<br><br>We also offer extensive experience in OEM (Original Equipment Manufacturer) and ODM (Original Design Manufacturer) services, tailored to meet the unique needs of our clients. Whether you are an importer looking for private label opportunities, custom product designs, or distribution under the \u201cProwin\u201d brand, our dedicated team is ready to collaborate with you to achieve your business goals.<br>\u00a0<br>Join us in bringing innovative and reliable pneumatic solutions to the world. Contact Prowin Tools today to explore how we can help your business thrive.<\/p><\/div><\/div><div class=\"wp-block-qubely-row qubely-section qubely-block-b098d3\"><div class=\"qubely-row-overlay\"><\/div><div class=\"qubely-container\"><div class=\"qubely-row\"><div class=\"wp-block-qubely-column qubely-column qubely-column-front qubely-block-a4af97\"><div class=\"qubely-column-inner\"><p><\/p><\/div><\/div><\/div><\/div><\/div><h1 class=\"wp-block-heading alignfull has-text-align-center has-ast-global-color-4-color has-text-color has-background\" id=\"we-also-provide-following-services\" style=\"background-color:#03748e\"> Forniamo anche i seguenti servizi <\/h1><div class=\"wp-block-columns alignfull is-layout-flex wp-container-core-columns-is-layout-1 wp-block-columns-is-layout-flex\"><div class=\"wp-block-column is-layout-flow wp-block-column-is-layout-flow\"><div class=\"wp-block-qubely-image qubely-block-35f7f0\"><div class=\"qubely-block-image  qubely-image-layout-simple\"><div class=\"qubely-image-media qubely-vertical-alignment-center qubely-horizontal-alignment-center\"><figure><div class=\"qubely-image-container\"><img decoding=\"async\" class=\"qubely-image-image\" src=\"http:\/\/www.prowin-tools.com\/wp-content\/uploads\/2022\/01\/blue-laser-opt-lasers-cnc-machine-6122955-1280x853.jpg\" alt=\"\"\/><\/div><\/figure><\/div><\/div><\/div><\/div>\n\n<div class=\"wp-block-column is-layout-flow wp-block-column-is-layout-flow\"><div class=\"wp-block-qubely-text aligncenter qubely-block-d66b68\"><div class=\"qubely-block-text\"><div class=\"qubely-block-text-title-container  qubely-separator-position-top\"><div class=\"qubely-block-text-title-inner\"><h2 class=\"qubely-block-text-title\"> <strong><strong> Incisione del logo <\/strong><\/strong> <\/h2><\/div><div class=\"qubely-block-text-sub-title-container\"><h3 class=\"qubely-block-text-sub-title\">Quantit\u00e0 di ordine MOQ bassa, gamma di stelle da 30-50 unit\u00e0,<br>pu\u00f2 essere personalizzato richiesto per i piccoli acquirenti.<\/h3><\/div><\/div><p><\/p><\/div><\/div><\/div><\/div><div class=\"wp-block-columns alignfull is-layout-flex wp-container-core-columns-is-layout-2 wp-block-columns-is-layout-flex\"><div class=\"wp-block-column is-layout-flow wp-block-column-is-layout-flow\"><div class=\"wp-block-qubely-text qubely-block-547aac\"><div class=\"qubely-block-text\"><div class=\"qubely-block-text-title-container  qubely-separator-position-top\"><div class=\"qubely-block-text-title-inner\"><h2 class=\"qubely-block-text-title\"> <strong><strong>Colore <\/strong><br><strong>Flessibilit\u00e0 di personalizzazione<span style=\"text-transform: uppercase;\" class=\"qubely-text-uppercase\"> <\/span><\/strong><\/strong><\/h2><\/div><div class=\"qubely-block-text-sub-title-container\"><h3 class=\"qubely-block-text-sub-title\">*Potrebbero essere necessari alcuni MOQ.<\/h3><\/div><\/div><p><\/p><\/div><\/div><\/div>\n\n<div class=\"wp-block-column is-layout-flow wp-block-column-is-layout-flow\"><div class=\"wp-block-qubely-image qubely-block-3981c1\"><div class=\"qubely-block-image  qubely-image-layout-simple\"><div class=\"qubely-image-media qubely-vertical-alignment-center qubely-horizontal-alignment-center\"><figure><div class=\"qubely-image-container\"><img decoding=\"async\" class=\"qubely-image-image\" src=\"http:\/\/www.prowin-tools.com\/wp-content\/uploads\/2022\/01\/mountain-colors-paint-6538890-1280x853-1-1280x853.jpg\" alt=\"\"\/><\/div><\/figure><\/div><\/div><\/div><\/div><\/div><div class=\"wp-block-columns alignfull is-layout-flex wp-container-core-columns-is-layout-3 wp-block-columns-is-layout-flex\"><div class=\"wp-block-column is-layout-flow wp-block-column-is-layout-flow\"><div class=\"wp-block-qubely-image qubely-block-1f4240\"><div class=\"qubely-block-image  qubely-image-layout-simple\"><div class=\"qubely-image-media qubely-vertical-alignment-center qubely-horizontal-alignment-center\"><figure><div class=\"qubely-image-container\"><img decoding=\"async\" class=\"qubely-image-image\" src=\"http:\/\/www.prowin-tools.com\/wp-content\/uploads\/2022\/01\/web-network-technology-3963945-1280x675.jpg\" alt=\"\"\/><\/div><\/figure><\/div><\/div><\/div><\/div>\n\n<div class=\"wp-block-column is-layout-flow wp-block-column-is-layout-flow\"><div class=\"wp-block-qubely-text qubely-block-b0337d\"><div class=\"qubely-block-text\"><div class=\"qubely-block-text-title-container  qubely-separator-position-top\"><div class=\"qubely-block-text-title-inner\"><h2 class=\"qubely-block-text-title\"> <strong>OEM, ODM, OBM <br>Aspetto personalizzato<\/strong> <\/h2><\/div><div class=\"qubely-block-text-sub-title-container\"><h3 class=\"qubely-block-text-sub-title\">Discuti con noi, progetta il tuo aspetto degli strumenti.<br>Le tue esigenze, noi realizziamo per te.<\/h3><\/div><\/div><p><\/p><\/div><\/div><\/div><\/div><div class=\"wp-block-columns alignfull is-layout-flex wp-container-core-columns-is-layout-4 wp-block-columns-is-layout-flex\"><div class=\"wp-block-column is-layout-flow wp-block-column-is-layout-flow\"><div class=\"wp-block-qubely-text qubely-block-94f3fc\"><div class=\"qubely-block-text\"><div class=\"qubely-block-text-title-container  qubely-separator-position-top\"><div class=\"qubely-block-text-title-inner\"><h2 class=\"qubely-block-text-title\"> <strong>Personalizzato <br>Confezione<\/strong> <\/h2><\/div><div class=\"qubely-block-text-sub-title-container\"><h3 class=\"qubely-block-text-sub-title\">Private Box, Label, Hanging Header, sono personalizzati.<br>Il cartone con le informazioni designate \u00e8 personalizzato e discutibile.<\/h3><\/div><\/div><p><\/p><\/div><\/div><\/div>\n\n<div class=\"wp-block-column is-layout-flow wp-block-column-is-layout-flow\"><div class=\"wp-block-qubely-image qubely-block-4417ce\"><div class=\"qubely-block-image  qubely-image-layout-simple\"><div class=\"qubely-image-media qubely-vertical-alignment-center qubely-horizontal-alignment-center\"><figure><div class=\"qubely-image-container\"><img decoding=\"async\" class=\"qubely-image-image\" src=\"http:\/\/www.prowin-tools.com\/wp-content\/uploads\/2022\/01\/businessman-boxes-transport-2108029-1280x853.jpg\" alt=\"\"\/><\/div><\/figure><\/div><\/div><\/div><\/div><\/div><h1 class=\"wp-block-heading alignfull has-text-align-center has-ast-global-color-4-color has-text-color has-background\" id=\"100-made-in-taiwan\" style=\"background-color:#03748e\"> 100% Prodotto a Taiwan <\/h1><figure class=\"wp-block-embed is-type-video is-provider-youtube wp-block-embed-youtube wp-embed-aspect-16-9 wp-has-aspect-ratio\"><div class=\"wp-block-embed__wrapper\">\n<div class=\"ast-oembed-container\" style=\"height: 100%;\"><iframe title=\"Fabbrica di strumenti Prowin\" width=\"500\" height=\"281\" src=\"https:\/\/www.youtube.com\/embed\/W00oiAFKLLI?feature=oembed\" frameborder=\"0\" allow=\"accelerometer; autoplay; clipboard-write; encrypted-media; gyroscope; picture-in-picture; web-share\" referrerpolicy=\"strict-origin-when-cross-origin\" allowfullscreen><\/iframe><\/div>\n<\/div><\/figure><div class=\"inherit-container-width wp-block-group alignfull has-ast-global-color-5-background-color has-background is-layout-constrained wp-block-group-is-layout-constrained\"><div class=\"wp-block-group__inner-container\"><\/div><\/div><p><\/p>","protected":false},"excerpt":{"rendered":"<p>About Us We also provide following services 100% Made in Taiwan<\/p>","protected":false},"author":1,"featured_media":4925,"parent":0,"menu_order":0,"comment_status":"closed","ping_status":"closed","template":"","meta":{"qubely_global_settings":"","qubely_interactions":"","_uag_custom_page_level_css":"","site-sidebar-layout":"no-sidebar","site-content-layout":"plain-container","ast-global-header-display":"","ast-main-header-display":"","ast-hfb-above-header-display":"","ast-hfb-below-header-display":"","ast-hfb-mobile-header-display":"","site-post-title":"disabled","ast-breadcrumbs-content":"","ast-featured-img":"disabled","footer-sml-layout":"","theme-transparent-header-meta":"default","adv-header-id-meta":"","stick-header-meta":"","header-above-stick-meta":"","header-main-stick-meta":"","header-below-stick-meta":"","_themeisle_gutenberg_block_has_review":false,"footnotes":""},"class_list":["post-3612","page","type-page","status-publish","has-post-thumbnail","hentry"],"uagb_featured_image_src":{"full":["https:\/\/www.prowin-tools.com\/wp-content\/uploads\/2022\/01\/photobank-2500x1354.jpg",2500,1354,false],"thumbnail":["https:\/\/www.prowin-tools.com\/wp-content\/uploads\/2022\/01\/photobank-150x150.jpg",150,150,true],"medium":["https:\/\/www.prowin-tools.com\/wp-content\/uploads\/2022\/01\/photobank-300x162.jpg",300,162,true],"medium_large":["https:\/\/www.prowin-tools.com\/wp-content\/uploads\/2022\/01\/photobank-768x416.jpg",768,416,true],"large":["https:\/\/www.prowin-tools.com\/wp-content\/uploads\/2022\/01\/photobank-1024x555.jpg",1024,555,true],"1536x1536":["https:\/\/www.prowin-tools.com\/wp-content\/uploads\/2022\/01\/photobank-1536x832.jpg",1536,832,true],"2048x2048":["https:\/\/www.prowin-tools.com\/wp-content\/uploads\/2022\/01\/photobank-2048x1109.jpg",2048,1109,true],"trp-custom-language-flag":["https:\/\/www.prowin-tools.com\/wp-content\/uploads\/2022\/01\/photobank-2500x1354.jpg",18,10,false],"qubely_landscape":["https:\/\/www.prowin-tools.com\/wp-content\/uploads\/2022\/01\/photobank-1200x750.jpg",1200,750,true],"qubely_portrait":["https:\/\/www.prowin-tools.com\/wp-content\/uploads\/2022\/01\/photobank-540x320.jpg",540,320,true],"qubely_thumbnail":["https:\/\/www.prowin-tools.com\/wp-content\/uploads\/2022\/01\/photobank-140x100.jpg",140,100,true],"woocommerce_thumbnail":["https:\/\/www.prowin-tools.com\/wp-content\/uploads\/2022\/01\/photobank-2500x1354-300x162.jpg",300,162,true],"woocommerce_single":["https:\/\/www.prowin-tools.com\/wp-content\/uploads\/2022\/01\/photobank-600x325.jpg",600,325,true],"woocommerce_gallery_thumbnail":["https:\/\/www.prowin-tools.com\/wp-content\/uploads\/2022\/01\/photobank-2500x1354-100x100.jpg",100,100,true]},"uagb_author_info":{"display_name":"admin","author_link":"https:\/\/www.prowin-tools.com\/it\/author\/admin\/"},"uagb_comment_info":0,"uagb_excerpt":"About Us We also provide following services 100% Made in Taiwan","_links":{"self":[{"href":"https:\/\/www.prowin-tools.com\/it\/wp-json\/wp\/v2\/pages\/3612"}],"collection":[{"href":"https:\/\/www.prowin-tools.com\/it\/wp-json\/wp\/v2\/pages"}],"about":[{"href":"https:\/\/www.prowin-tools.com\/it\/wp-json\/wp\/v2\/types\/page"}],"author":[{"embeddable":true,"href":"https:\/\/www.prowin-tools.com\/it\/wp-json\/wp\/v2\/users\/1"}],"replies":[{"embeddable":true,"href":"https:\/\/www.prowin-tools.com\/it\/wp-json\/wp\/v2\/comments?post=3612"}],"version-history":[{"count":2,"href":"https:\/\/www.prowin-tools.com\/it\/wp-json\/wp\/v2\/pages\/3612\/revisions"}],"predecessor-version":[{"id":12727,"href":"https:\/\/www.prowin-tools.com\/it\/wp-json\/wp\/v2\/pages\/3612\/revisions\/12727"}],"wp:featuredmedia":[{"embeddable":true,"href":"https:\/\/www.prowin-tools.com\/it\/wp-json\/wp\/v2\/media\/4925"}],"wp:attachment":[{"href":"https:\/\/www.prowin-tools.com\/it\/wp-json\/wp\/v2\/media?parent=3612"}],"curies":[{"name":"wp","href":"https:\/\/api.w.org\/{rel}","templated":true}]}}